{"id":38186,"date":"2025-03-26T08:47:02","date_gmt":"2025-03-26T07:47:02","guid":{"rendered":"https:\/\/ihm.platty.tech\/?page_id=38186"},"modified":"2025-03-26T09:25:28","modified_gmt":"2025-03-26T08:25:28","slug":"tefl-training-for-english-teachers","status":"publish","type":"page","link":"https:\/\/ihm.platty.tech\/en\/tefl-english-teaching-courses","title":{"rendered":"TEFL \u2013 Training for English Teachers"},"content":{"rendered":"\t\t<div data-elementor-type=\"wp-page\" data-elementor-id=\"38186\" class=\"elementor elementor-38186 elementor-31376\" data-elementor-post-type=\"page\">\n\t\t\t\t<div class=\"elementor-element elementor-element-69af353 e-con-full e-flex e-con e-parent\" data-id=\"69af353\" data-element_type=\"container\" data-settings=\"{&quot;background_background&quot;:&quot;classic&quot;}\">\n\t\t\t\t<div class=\"elementor-element elementor-element-d83d76a elementor-widget__width-initial elementor-widget-mobile__width-inherit elementor-widget elementor-widget-text-editor\" data-id=\"d83d76a\" data-element_type=\"widget\" data-widget_type=\"text-editor.default\">\n\t\t\t\t<div class=\"elementor-widget-container\">\n\t\t\t\t\t\t\t\t\t<div data-id=\"84c3afb\" data-element_type=\"widget\" data-widget_type=\"heading.default\"><div data-id=\"84c3afb\" data-element_type=\"widget\" data-widget_type=\"heading.default\"><h1><span style=\"color: #ffffff;\"><strong>TEFL &#8211; Training for English Teachers<\/strong><\/span><\/h1><p><span style=\"color: #ffffff;\">If you are new to the profession and want to start teaching English as a foreign language (TEFL), it is important you choose a teaching qualification that will be recognised and valued by employers all over the world. From initial training courses to continuous professional development, International House Madrid can help your language teaching career grow.<\/span><\/p><\/div><\/div>\t\t\t\t\t\t\t\t<\/div>\n\t\t\t\t<\/div>\n\t\t\t\t<div class=\"elementor-element elementor-element-3cffc31 elementor-widget__width-initial elementor-widget-mobile__width-inherit img_tit dce_masking-none elementor-widget elementor-widget-image\" data-id=\"3cffc31\" data-element_type=\"widget\" data-widget_type=\"image.default\">\n\t\t\t\t<div class=\"elementor-widget-container\">\n\t\t\t\t\t\t\t\t\t\t\t\t\t\t\t<img fetchpriority=\"high\" decoding=\"async\" width=\"768\" height=\"512\" src=\"https:\/\/ihm.platty.tech\/wp-content\/uploads\/2024\/06\/AdobeStock_466275878-768x512.jpeg\" class=\"attachment-medium_large size-medium_large wp-image-31429\" alt=\"Profesores ingl\u00e9s TEFL\" srcset=\"https:\/\/ihm.platty.tech\/wp-content\/uploads\/2024\/06\/AdobeStock_466275878-768x512.jpeg 768w, https:\/\/ihm.platty.tech\/wp-content\/uploads\/2024\/06\/AdobeStock_466275878-300x200.jpeg 300w, https:\/\/ihm.platty.tech\/wp-content\/uploads\/2024\/06\/AdobeStock_466275878-1024x683.jpeg 1024w, https:\/\/ihm.platty.tech\/wp-content\/uploads\/2024\/06\/AdobeStock_466275878-1536x1024.jpeg 1536w, https:\/\/ihm.platty.tech\/wp-content\/uploads\/2024\/06\/AdobeStock_466275878-2048x1365.jpeg 2048w, https:\/\/ihm.platty.tech\/wp-content\/uploads\/2024\/06\/AdobeStock_466275878-600x400.jpeg 600w\" sizes=\"(max-width: 768px) 100vw, 768px\" title=\"\">\t\t\t\t\t\t\t\t\t\t\t\t\t\t\t<\/div>\n\t\t\t\t<\/div>\n\t\t\t\t<\/div>\n\t\t<div class=\"elementor-element elementor-element-c9037fd e-flex e-con-boxed e-con e-parent\" data-id=\"c9037fd\" data-element_type=\"container\">\n\t\t\t\t\t<div class=\"e-con-inner\">\n\t\t\t\t<div class=\"elementor-element elementor-element-76a65eb elementor-widget elementor-widget-heading\" data-id=\"76a65eb\" data-element_type=\"widget\" data-widget_type=\"heading.default\">\n\t\t\t\t<div class=\"elementor-widget-container\">\n\t\t\t\t\t<h2 class=\"elementor-heading-title elementor-size-default\">Teacher training courses for English teachers<\/h2>\t\t\t\t<\/div>\n\t\t\t\t<\/div>\n\t\t\t\t\t<\/div>\n\t\t\t\t<\/div>\n\t\t<div class=\"elementor-element elementor-element-c9bd5dc e-flex e-con-boxed e-con e-parent\" data-id=\"c9bd5dc\" data-element_type=\"container\">\n\t\t\t\t\t<div class=\"e-con-inner\">\n\t\t\t\t<div class=\"elementor-element elementor-element-c658312 elementor-widget elementor-widget-text-editor\" data-id=\"c658312\" data-element_type=\"widget\" data-widget_type=\"text-editor.default\">\n\t\t\t\t<div class=\"elementor-widget-container\">\n\t\t\t\t\t\t\t\t\t<p>Discover our wide range of English teacher training courses, from initial training for new teachers to in-service training programmes for experienced teachers. At IH Madrid, we are proud to offer programmes designed for all levels of professionals looking to excel in the field of teaching English as a foreign language (TEFL). Our courses are designed to prepare you to meet the challenges of the classroom and provide exceptional learning experiences for your students.<\/p>\t\t\t\t\t\t\t\t<\/div>\n\t\t\t\t<\/div>\n\t\t\t\t\t<\/div>\n\t\t\t\t<\/div>\n\t\t<div class=\"elementor-element elementor-element-3f94210 e-flex e-con-boxed e-con e-parent\" data-id=\"3f94210\" data-element_type=\"container\">\n\t\t\t\t\t<div class=\"e-con-inner\">\n\t\t<div class=\"elementor-element elementor-element-7daf52c e-con-full e-flex e-con e-child\" data-id=\"7daf52c\" data-element_type=\"container\">\n\t\t\t\t<div class=\"elementor-element elementor-element-c274dcf elementor-widget elementor-widget-heading\" data-id=\"c274dcf\" data-element_type=\"widget\" data-widget_type=\"heading.default\">\n\t\t\t\t<div class=\"elementor-widget-container\">\n\t\t\t\t\t<h2 class=\"elementor-heading-title elementor-size-default\">Cambridge CELTA<\/h2>\t\t\t\t<\/div>\n\t\t\t\t<\/div>\n\t\t\t\t<div class=\"elementor-element elementor-element-7bad9b0 elementor-widget elementor-widget-text-editor\" data-id=\"7bad9b0\" data-element_type=\"widget\" data-widget_type=\"text-editor.default\">\n\t\t\t\t<div class=\"elementor-widget-container\">\n\t\t\t\t\t\t\t\t\t<p>This course represents the gold standard in initial TEFL (Teaching English as a Foreign Language) training for English teachers. This prestigious certification is internationally recognized and essential for those wishing to start a career in teaching English as a foreign language. As the most sought-after credential by language schools worldwide, it ensures thorough preparation in contemporary teaching methodologies. With this course, you will gain the strategies and techniques to teach engaging classes to all levels of students, entirely in English.<\/p>\t\t\t\t\t\t\t\t<\/div>\n\t\t\t\t<\/div>\n\t\t\t\t<div class=\"elementor-element elementor-element-48b36df elementor-align-left elementor-mobile-align-justify elementor-widget elementor-widget-button\" data-id=\"48b36df\" data-element_type=\"widget\" data-settings=\"{&quot;enabled_visibility&quot;:&quot;yes&quot;,&quot;dce_visibility_selected&quot;:&quot;yes&quot;}\" data-widget_type=\"button.default\">\n\t\t\t\t<div class=\"elementor-widget-container\">\n\t\t\t\t\t\t\t\t\t<div class=\"elementor-button-wrapper\">\n\t\t\t\t\t<a class=\"elementor-button elementor-button-link elementor-size-md\" href=\"https:\/\/ihm.platty.tech\/en\/tefl-english-teaching-courses\/celta\">\n\t\t\t\t\t\t<span class=\"elementor-button-content-wrapper\">\n\t\t\t\t\t\t<span class=\"elementor-button-icon\">\n\t\t\t\t<i aria-hidden=\"true\" class=\"icon icon-ih_arrow_white\"><\/i>\t\t\t<\/span>\n\t\t\t\t\t\t\t\t\t<span class=\"elementor-button-text\">CELTA courses<\/span>\n\t\t\t\t\t<\/span>\n\t\t\t\t\t<\/a>\n\t\t\t\t<\/div>\n\t\t\t\t\t\t\t\t<\/div>\n\t\t\t\t<\/div>\n\t\t\t\t<\/div>\n\t\t<div class=\"elementor-element elementor-element-aced5c7 e-con-full e-flex e-con e-child\" data-id=\"aced5c7\" data-element_type=\"container\">\n\t\t\t\t<div class=\"elementor-element elementor-element-2cd7ebd elementor-widget elementor-widget-heading\" data-id=\"2cd7ebd\" data-element_type=\"widget\" data-widget_type=\"heading.default\">\n\t\t\t\t<div class=\"elementor-widget-container\">\n\t\t\t\t\t<h2 class=\"elementor-heading-title elementor-size-default\">In-service training for English teachers<\/h2>\t\t\t\t<\/div>\n\t\t\t\t<\/div>\n\t\t\t\t<div class=\"elementor-element elementor-element-d82a461 elementor-widget elementor-widget-text-editor\" data-id=\"d82a461\" data-element_type=\"widget\" data-widget_type=\"text-editor.default\">\n\t\t\t\t<div class=\"elementor-widget-container\">\n\t\t\t\t\t\t\t\t\t<p>Continue to develop your teaching skills with our specialised courses designed specifically for English teachers.<\/p>\t\t\t\t\t\t\t\t<\/div>\n\t\t\t\t<\/div>\n\t\t\t\t<div class=\"elementor-element elementor-element-4ac563a elementor-align-left elementor-mobile-align-justify elementor-widget elementor-widget-button\" data-id=\"4ac563a\" data-element_type=\"widget\" data-settings=\"{&quot;enabled_visibility&quot;:&quot;yes&quot;,&quot;dce_visibility_selected&quot;:&quot;yes&quot;}\" data-widget_type=\"button.default\">\n\t\t\t\t<div class=\"elementor-widget-container\">\n\t\t\t\t\t\t\t\t\t<div class=\"elementor-button-wrapper\">\n\t\t\t\t\t<a class=\"elementor-button elementor-button-link elementor-size-sm\" href=\"https:\/\/ihm.platty.tech\/en\/tefl-english-teaching-courses\/ai-for-english-teachers.html\">\n\t\t\t\t\t\t<span class=\"elementor-button-content-wrapper\">\n\t\t\t\t\t\t<span class=\"elementor-button-icon\">\n\t\t\t\t<i aria-hidden=\"true\" class=\"icon icon-ih_arrow_white\"><\/i>\t\t\t<\/span>\n\t\t\t\t\t\t\t\t\t<span class=\"elementor-button-text\">AI for English Teachers course<\/span>\n\t\t\t\t\t<\/span>\n\t\t\t\t\t<\/a>\n\t\t\t\t<\/div>\n\t\t\t\t\t\t\t\t<\/div>\n\t\t\t\t<\/div>\n\t\t\t\t<div class=\"elementor-element elementor-element-d39e3dd elementor-align-left elementor-mobile-align-justify elementor-widget elementor-widget-button\" data-id=\"d39e3dd\" data-element_type=\"widget\" data-settings=\"{&quot;enabled_visibility&quot;:&quot;yes&quot;,&quot;dce_visibility_selected&quot;:&quot;yes&quot;}\" data-widget_type=\"button.default\">\n\t\t\t\t<div class=\"elementor-widget-container\">\n\t\t\t\t\t\t\t\t\t<div class=\"elementor-button-wrapper\">\n\t\t\t\t\t<a class=\"elementor-button elementor-button-link elementor-size-sm\" href=\"https:\/\/ihm.platty.tech\/en\/tefl-english-teaching-courses\/young-learners-course.html\">\n\t\t\t\t\t\t<span class=\"elementor-button-content-wrapper\">\n\t\t\t\t\t\t<span class=\"elementor-button-icon\">\n\t\t\t\t<i aria-hidden=\"true\" class=\"icon icon-ih_arrow_white\"><\/i>\t\t\t<\/span>\n\t\t\t\t\t\t\t\t\t<span class=\"elementor-button-text\">Young Learners course<\/span>\n\t\t\t\t\t<\/span>\n\t\t\t\t\t<\/a>\n\t\t\t\t<\/div>\n\t\t\t\t\t\t\t\t<\/div>\n\t\t\t\t<\/div>\n\t\t\t\t<div class=\"elementor-element elementor-element-41e46c7 elementor-align-left elementor-mobile-align-justify elementor-widget elementor-widget-button\" data-id=\"41e46c7\" data-element_type=\"widget\" data-settings=\"{&quot;enabled_visibility&quot;:&quot;yes&quot;,&quot;dce_visibility_selected&quot;:&quot;yes&quot;}\" data-widget_type=\"button.default\">\n\t\t\t\t<div class=\"elementor-widget-container\">\n\t\t\t\t\t\t\t\t\t<div class=\"elementor-button-wrapper\">\n\t\t\t\t\t<a class=\"elementor-button elementor-button-link elementor-size-sm\" href=\"https:\/\/ihm.platty.tech\/en\/tefl-english-teaching-courses\/very-young-learners-course.html\">\n\t\t\t\t\t\t<span class=\"elementor-button-content-wrapper\">\n\t\t\t\t\t\t<span class=\"elementor-button-icon\">\n\t\t\t\t<i aria-hidden=\"true\" class=\"icon icon-ih_arrow_white\"><\/i>\t\t\t<\/span>\n\t\t\t\t\t\t\t\t\t<span class=\"elementor-button-text\">Very Young Learners course<\/span>\n\t\t\t\t\t<\/span>\n\t\t\t\t\t<\/a>\n\t\t\t\t<\/div>\n\t\t\t\t\t\t\t\t<\/div>\n\t\t\t\t<\/div>\n\t\t\t\t<div class=\"elementor-element elementor-element-6af7747 elementor-align-left elementor-mobile-align-justify elementor-widget elementor-widget-button\" data-id=\"6af7747\" data-element_type=\"widget\" data-settings=\"{&quot;enabled_visibility&quot;:&quot;yes&quot;,&quot;dce_visibility_selected&quot;:&quot;yes&quot;}\" data-widget_type=\"button.default\">\n\t\t\t\t<div class=\"elementor-widget-container\">\n\t\t\t\t\t\t\t\t\t<div class=\"elementor-button-wrapper\">\n\t\t\t\t\t<a class=\"elementor-button elementor-button-link elementor-size-sm\" href=\"https:\/\/ihm.platty.tech\/en\/tefl-english-teaching-courses\/teaching-teens.html\">\n\t\t\t\t\t\t<span class=\"elementor-button-content-wrapper\">\n\t\t\t\t\t\t<span class=\"elementor-button-icon\">\n\t\t\t\t<i aria-hidden=\"true\" class=\"icon icon-ih_arrow_white\"><\/i>\t\t\t<\/span>\n\t\t\t\t\t\t\t\t\t<span class=\"elementor-button-text\">Teaching Teens course<\/span>\n\t\t\t\t\t<\/span>\n\t\t\t\t\t<\/a>\n\t\t\t\t<\/div>\n\t\t\t\t\t\t\t\t<\/div>\n\t\t\t\t<\/div>\n\t\t\t\t<div class=\"elementor-element elementor-element-9c2c16d elementor-align-left elementor-mobile-align-justify elementor-widget elementor-widget-button\" data-id=\"9c2c16d\" data-element_type=\"widget\" data-settings=\"{&quot;enabled_visibility&quot;:&quot;yes&quot;,&quot;dce_visibility_selected&quot;:&quot;yes&quot;}\" data-widget_type=\"button.default\">\n\t\t\t\t<div class=\"elementor-widget-container\">\n\t\t\t\t\t\t\t\t\t<div class=\"elementor-button-wrapper\">\n\t\t\t\t\t<a class=\"elementor-button elementor-button-link elementor-size-sm\" href=\"https:\/\/ihm.platty.tech\/en\/tefl-english-teaching-courses\/delta-bridge.html\">\n\t\t\t\t\t\t<span class=\"elementor-button-content-wrapper\">\n\t\t\t\t\t\t<span class=\"elementor-button-icon\">\n\t\t\t\t<i aria-hidden=\"true\" class=\"icon icon-ih_arrow_white\"><\/i>\t\t\t<\/span>\n\t\t\t\t\t\t\t\t\t<span class=\"elementor-button-text\">DELTA Bridge course<\/span>\n\t\t\t\t\t<\/span>\n\t\t\t\t\t<\/a>\n\t\t\t\t<\/div>\n\t\t\t\t\t\t\t\t<\/div>\n\t\t\t\t<\/div>\n\t\t\t\t<\/div>\n\t\t\t\t\t<\/div>\n\t\t\t\t<\/div>\n\t\t\t\t<section class=\"elementor-section elementor-top-section elementor-element elementor-element-b764ba1 elementor-section-boxed elementor-section-height-default elementor-section-height-default\" data-id=\"b764ba1\" data-element_type=\"section\" data-settings=\"{&quot;background_background&quot;:&quot;classic&quot;}\">\n\t\t\t\t\t\t\t<div class=\"elementor-background-overlay\"><\/div>\n\t\t\t\t\t\t\t<div class=\"elementor-container elementor-column-gap-default\">\n\t\t\t\t\t<div class=\"elementor-column elementor-col-100 elementor-top-column elementor-element elementor-element-e2d0672\" data-id=\"e2d0672\" data-element_type=\"column\" data-settings=\"{&quot;background_background&quot;:&quot;classic&quot;}\">\n\t\t\t<div class=\"elementor-widget-wrap elementor-element-populated\">\n\t\t\t\t\t\t<div class=\"elementor-element elementor-element-dfa3391 elementor-widget elementor-widget-heading\" data-id=\"dfa3391\" data-element_type=\"widget\" data-widget_type=\"heading.default\">\n\t\t\t\t<div class=\"elementor-widget-container\">\n\t\t\t\t\t<h2 class=\"elementor-heading-title elementor-size-default\">Why choose our English teacher training courses?<\/h2>\t\t\t\t<\/div>\n\t\t\t\t<\/div>\n\t\t\t\t<div data-dce-advanced-background-color=\"#FFFFFF\" class=\"elementor-element elementor-element-b59d071 elementor-widget__width-initial elementor-view-default elementor-position-top elementor-mobile-position-top elementor-widget elementor-widget-icon-box\" data-id=\"b59d071\" data-element_type=\"widget\" data-widget_type=\"icon-box.default\">\n\t\t\t\t<div class=\"elementor-widget-container\">\n\t\t\t\t\t\t\t<div class=\"elementor-icon-box-wrapper\">\n\n\t\t\t\t\t\t<div class=\"elementor-icon-box-icon\">\n\t\t\t\t<span  class=\"elementor-icon\">\n\t\t\t\t<i aria-hidden=\"true\" class=\"icon icon-ih_star_black\"><\/i>\t\t\t\t<\/span>\n\t\t\t<\/div>\n\t\t\t\n\t\t\t\t\t\t<div class=\"elementor-icon-box-content\">\n\n\t\t\t\t\t\t\t\t\t<h3 class=\"elementor-icon-box-title\">\n\t\t\t\t\t\t<span  >\n\t\t\t\t\t\t\tUp-to-date content\t\t\t\t\t\t<\/span>\n\t\t\t\t\t<\/h3>\n\t\t\t\t\n\t\t\t\t\t\t\t\t\t<p class=\"elementor-icon-box-description\">\n\t\t\t\t\t\tOur courses are kept up to date with the latest trends and methodologies in teaching English as a foreign language.\t\t\t\t\t<\/p>\n\t\t\t\t\n\t\t\t<\/div>\n\t\t\t\n\t\t<\/div>\n\t\t\t\t\t\t<\/div>\n\t\t\t\t<\/div>\n\t\t\t\t<div data-dce-advanced-background-color=\"#FFFFFF\" class=\"elementor-element elementor-element-c1c12f5 elementor-widget__width-initial elementor-view-default elementor-position-top elementor-mobile-position-top elementor-widget elementor-widget-icon-box\" data-id=\"c1c12f5\" data-element_type=\"widget\" data-widget_type=\"icon-box.default\">\n\t\t\t\t<div class=\"elementor-widget-container\">\n\t\t\t\t\t\t\t<div class=\"elementor-icon-box-wrapper\">\n\n\t\t\t\t\t\t<div class=\"elementor-icon-box-icon\">\n\t\t\t\t<span  class=\"elementor-icon\">\n\t\t\t\t<i aria-hidden=\"true\" class=\"icon icon-ih_arrow_black\"><\/i>\t\t\t\t<\/span>\n\t\t\t<\/div>\n\t\t\t\n\t\t\t\t\t\t<div class=\"elementor-icon-box-content\">\n\n\t\t\t\t\t\t\t\t\t<h3 class=\"elementor-icon-box-title\">\n\t\t\t\t\t\t<span  >\n\t\t\t\t\t\t\tExpert trainers\t\t\t\t\t\t<\/span>\n\t\t\t\t\t<\/h3>\n\t\t\t\t\n\t\t\t\t\t\t\t\t\t<p class=\"elementor-icon-box-description\">\n\t\t\t\t\t\tOur team of trainers are experts with many years\u2019 experience and a track record of training thousands of candidates. \t\t\t\t\t<\/p>\n\t\t\t\t\n\t\t\t<\/div>\n\t\t\t\n\t\t<\/div>\n\t\t\t\t\t\t<\/div>\n\t\t\t\t<\/div>\n\t\t\t\t<div data-dce-advanced-background-color=\"#FFFFFF\" class=\"elementor-element elementor-element-423dc26 elementor-widget__width-initial elementor-view-default elementor-position-top elementor-mobile-position-top elementor-widget elementor-widget-icon-box\" data-id=\"423dc26\" data-element_type=\"widget\" data-widget_type=\"icon-box.default\">\n\t\t\t\t<div class=\"elementor-widget-container\">\n\t\t\t\t\t\t\t<div class=\"elementor-icon-box-wrapper\">\n\n\t\t\t\t\t\t<div class=\"elementor-icon-box-icon\">\n\t\t\t\t<span  class=\"elementor-icon\">\n\t\t\t\t<i aria-hidden=\"true\" class=\"icon icon-ih_book_black\"><\/i>\t\t\t\t<\/span>\n\t\t\t<\/div>\n\t\t\t\n\t\t\t\t\t\t<div class=\"elementor-icon-box-content\">\n\n\t\t\t\t\t\t\t\t\t<h3 class=\"elementor-icon-box-title\">\n\t\t\t\t\t\t<span  >\n\t\t\t\t\t\t\tExpertos formadores\t\t\t\t\t\t<\/span>\n\t\t\t\t\t<\/h3>\n\t\t\t\t\n\t\t\t\t\t\t\t\t\t<p class=\"elementor-icon-box-description\">\n\t\t\t\t\t\tNuestro equipo de formadores est\u00e1 compuesto por expertos con d\u00e9cadas de experiencia y un historial de haber capacitado a miles de candidatos, asegurando una educaci\u00f3n de calidad y profundamente informada.\t\t\t\t\t<\/p>\n\t\t\t\t\n\t\t\t<\/div>\n\t\t\t\n\t\t<\/div>\n\t\t\t\t\t\t<\/div>\n\t\t\t\t<\/div>\n\t\t\t\t\t<\/div>\n\t\t<\/div>\n\t\t\t\t\t<\/div>\n\t\t<\/section>\n\t\t\t\t<section class=\"elementor-section elementor-top-section elementor-element elementor-element-6b83edf elementor-section-boxed elementor-section-height-default elementor-section-height-default\" data-id=\"6b83edf\" data-element_type=\"section\" data-settings=\"{&quot;background_background&quot;:&quot;classic&quot;}\">\n\t\t\t\t\t\t<div class=\"elementor-container elementor-column-gap-default\">\n\t\t\t\t\t<div class=\"elementor-column elementor-col-50 elementor-top-column elementor-element elementor-element-ee5ca3e\" data-id=\"ee5ca3e\" data-element_type=\"column\">\n\t\t\t<div class=\"elementor-widget-wrap elementor-element-populated\">\n\t\t\t\t\t\t<div class=\"elementor-element elementor-element-fe5ec6f elementor-widget elementor-widget-text-editor\" data-id=\"fe5ec6f\" data-element_type=\"widget\" data-widget_type=\"text-editor.default\">\n\t\t\t\t<div class=\"elementor-widget-container\">\n\t\t\t\t\t\t\t\t\t<h2>Got a question?<br \/>Contact us!<\/h2><p><img decoding=\"async\" class=\"alignnone size-medium wp-image-31847\" src=\"https:\/\/ihm.platty.tech\/wp-content\/uploads\/2024\/06\/rainbow_flat_wavy_up-300x34.png\" alt=\"IH rainbow\" width=\"300\" height=\"34\" title=\"\" srcset=\"https:\/\/ihm.platty.tech\/wp-content\/uploads\/2024\/06\/rainbow_flat_wavy_up-300x34.png 300w, https:\/\/ihm.platty.tech\/wp-content\/uploads\/2024\/06\/rainbow_flat_wavy_up-1024x117.png 1024w, https:\/\/ihm.platty.tech\/wp-content\/uploads\/2024\/06\/rainbow_flat_wavy_up-768x88.png 768w, https:\/\/ihm.platty.tech\/wp-content\/uploads\/2024\/06\/rainbow_flat_wavy_up-1536x176.png 1536w, https:\/\/ihm.platty.tech\/wp-content\/uploads\/2024\/06\/rainbow_flat_wavy_up-600x69.png 600w, https:\/\/ihm.platty.tech\/wp-content\/uploads\/2024\/06\/rainbow_flat_wavy_up.png 1720w\" sizes=\"(max-width: 300px) 100vw, 300px\" \/><\/p><p>Fill in the form and we\u2019ll get in touch with you.<\/p>\t\t\t\t\t\t\t\t<\/div>\n\t\t\t\t<\/div>\n\t\t\t\t\t<\/div>\n\t\t<\/div>\n\t\t\t\t<div class=\"elementor-column elementor-col-50 elementor-top-column elementor-element elementor-element-1c1e281\" data-id=\"1c1e281\" data-element_type=\"column\">\n\t\t\t<div class=\"elementor-widget-wrap elementor-element-populated\">\n\t\t\t\t\t\t<div class=\"elementor-element elementor-element-0940a7d elementor-widget elementor-widget-html\" data-id=\"0940a7d\" data-element_type=\"widget\" data-widget_type=\"html.default\">\n\t\t\t\t<div class=\"elementor-widget-container\">\n\t\t\t\t\t<script type=\"text\/javascript\" src=\"https:\/\/api.clientify.net\/web-marketing\/superforms\/script\/198862.js\"><\/script>\t\t\t\t<\/div>\n\t\t\t\t<\/div>\n\t\t\t\t\t<\/div>\n\t\t<\/div>\n\t\t\t\t\t<\/div>\n\t\t<\/section>\n\t\t\t\t<\/div>\n\t\t","protected":false},"excerpt":{"rendered":"<p>TEFL &#8211; Training for English Teachers If you are new to the profession and want to start teaching English as a foreign language (TEFL), it is important you choose a teaching qualification that will be recognised and valued by employers all over the world. From initial training courses to continuous professional development, International House Madrid [&hellip;]<\/p>\n","protected":false},"author":3,"featured_media":0,"parent":0,"menu_order":1,"comment_status":"closed","ping_status":"closed","template":"","meta":{"_acf_changed":false,"footnotes":"","_links_to":"","_links_to_target":""},"categories":[],"tags":[],"class_list":["post-38186","page","type-page","status-publish","hentry"],"acf":[],"_links":{"self":[{"href":"https:\/\/ihm.platty.tech\/en\/wp-json\/wp\/v2\/pages\/38186","targetHints":{"allow":["GET"]}}],"collection":[{"href":"https:\/\/ihm.platty.tech\/en\/wp-json\/wp\/v2\/pages"}],"about":[{"href":"https:\/\/ihm.platty.tech\/en\/wp-json\/wp\/v2\/types\/page"}],"author":[{"embeddable":true,"href":"https:\/\/ihm.platty.tech\/en\/wp-json\/wp\/v2\/users\/3"}],"replies":[{"embeddable":true,"href":"https:\/\/ihm.platty.tech\/en\/wp-json\/wp\/v2\/comments?post=38186"}],"version-history":[{"count":8,"href":"https:\/\/ihm.platty.tech\/en\/wp-json\/wp\/v2\/pages\/38186\/revisions"}],"predecessor-version":[{"id":38207,"href":"https:\/\/ihm.platty.tech\/en\/wp-json\/wp\/v2\/pages\/38186\/revisions\/38207"}],"wp:attachment":[{"href":"https:\/\/ihm.platty.tech\/en\/wp-json\/wp\/v2\/media?parent=38186"}],"wp:term":[{"taxonomy":"category","embeddable":true,"href":"https:\/\/ihm.platty.tech\/en\/wp-json\/wp\/v2\/categories?post=38186"},{"taxonomy":"post_tag","embeddable":true,"href":"https:\/\/ihm.platty.tech\/en\/wp-json\/wp\/v2\/tags?post=38186"}],"curies":[{"name":"wp","href":"https:\/\/api.w.org\/{rel}","templated":true}]}}